{"id":2074,"date":"2018-07-10T17:59:35","date_gmt":"2018-07-10T17:59:35","guid":{"rendered":"https:\/\/toy-russian.com\/?page_id=2074"},"modified":"2018-07-10T18:03:51","modified_gmt":"2018-07-10T18:03:51","slug":"politica-de-cookies","status":"publish","type":"page","link":"https:\/\/toy-russian.com\/en\/politica-de-cookies\/","title":{"rendered":"(Espa\u00f1ol) Pol\u00edtica de Cookies"},"content":{"rendered":"<p class=\"qtranxs-available-languages-message qtranxs-available-languages-message-en\">Sorry, this entry is only available in <a href=\"https:\/\/toy-russian.com\/es\/wp-json\/wp\/v2\/pages\/2074\" class=\"qtranxs-available-language-link qtranxs-available-language-link-es\" title=\"Espa\u00f1ol\">European Spanish<\/a>. For the sake of viewer convenience, the content is shown below in the alternative language. You may click the link to switch the active language.<\/p>\n<p style=\"text-align: justify;\"><span style=\"font-size: 14pt;\">Una cookie es un peque\u00f1o fichero de texto que se almacena en su navegador cuando visita casi cualquier p\u00e1gina web. Su utilidad es que la web sea capaz de recordar su visita cuando vuelva a navegar por esa p\u00e1gina. Las cookies suelen almacenar informaci\u00f3n de car\u00e1cter t\u00e9cnico, preferencias personales, personalizaci\u00f3n de contenidos, estad\u00edsticas de uso, enlaces a redes sociales, acceso a cuentas de usuario, etc. El objetivo de la cookie es adaptar el contenido de la web a su perfil y necesidades. Sin cookies los servicios ofrecidos por cualquier p\u00e1gina se ver\u00edan mermados notablemente. <\/span><\/p>\n<p>&nbsp;<\/p>\n<p style=\"text-align: justify;\"><strong><span style=\"font-size: 18pt;\">Cookies utilizadas en este sitio web<\/span><\/strong><\/p>\n<p style=\"text-align: justify;\"><span style=\"font-size: 14pt;\">Siguiendo las directrices de la Agencia Espa\u00f1ola de Protecci\u00f3n de Datos procedemos a detallar el uso de cookies que hace este sitio web:<\/span><\/p>\n<p style=\"text-align: justify;\"><span style=\"font-size: 14pt;\">Cookies de an\u00e1lisis: Son aqu\u00e9llas que nos permiten cuantificar el n\u00famero de usuarios y as\u00ed realizar la medici\u00f3n y an\u00e1lisis estad\u00edstico de la utilizaci\u00f3n que hacen los usuarios de servicio ofertado. Para ello se analiza su navegaci\u00f3n en nuestra p\u00e1gina web con el fin de mejorar la oferta de productos o servicios.<\/span><\/p>\n<p style=\"text-align: justify;\"><span style=\"font-size: 14pt;\">Cookies de personalizaci\u00f3n: Son aquellas que permiten al usuario acceder al servicio con algunas caracter\u00edsticas de car\u00e1cter general predefinidas en funci\u00f3n de una serie de criterios en el terminal del usuario como por ejemplo serian el idioma o el tipo de navegador a trav\u00e9s del cual se conecta al servicio.<\/span><\/p>\n<p style=\"text-align: justify;\"><span style=\"font-size: 14pt;\">Cookies de redes sociales: Cada red social utiliza sus propias cookies para que usted pueda pinchar en botones del tipo Me gusta o Compartir.<\/span><\/p>\n<p>&nbsp;<\/p>\n<p><strong><span style=\"font-size: 18pt;\">Desactivaci\u00f3n o eliminaci\u00f3n de cookies<\/span><\/strong><\/p>\n<p style=\"text-align: justify;\"><span style=\"font-size: 14pt;\">En cualquier momento podr\u00e1 ejercer su derecho de desactivaci\u00f3n o eliminaci\u00f3n de cookies de este sitio web. Estas acciones se realizan de forma diferente en funci\u00f3n del navegador que est\u00e9 usando.<\/span><\/p>\n<p style=\"text-align: justify;\"><span style=\"font-size: 14pt;\">A continuaci\u00f3n puede acceder a la configuraci\u00f3n de los navegadores webs m\u00e1s frecuentes para aceptar, instalar o desactivar las cookies:<\/span><\/p>\n<p><span style=\"font-size: 14pt;\"><a href=\"https:\/\/support.google.com\/chrome\/answer\/95647?hl=es\" target=\"_blank\" rel=\"noopener\">Configurar cookies en Google Chrome<\/a><\/span><\/p>\n<p><span style=\"font-size: 14pt;\"><a href=\"http:\/\/windows.microsoft.com\/es-es\/windows7\/how-to-manage-cookies-in-internet-explorer-9\" target=\"_blank\" rel=\"noopener\">Configurar cookies en Microsoft Internet Explorer<\/a><\/span><\/p>\n<p><span style=\"font-size: 14pt;\"><a href=\"https:\/\/support.mozilla.org\/es\/kb\/habilitar-y-deshabilitar-cookies-sitios-web-rastrear-preferencias?redirectlocale=es&amp;redirectslug=habilitar-y-deshabilitar-cookies-que-los-sitios-we\" target=\"_blank\" rel=\"noopener\">Configurar cookies en Mozilla Firefox<\/a><\/span><\/p>\n<p><span style=\"font-size: 14pt;\"><a href=\"https:\/\/support.apple.com\/es-es\/HT201265\" target=\"_blank\" rel=\"noopener\">Configurar cookies en Safari (Apple)<\/a><\/span><\/p>\n<p>&nbsp;<\/p>\n<p><strong><span style=\"font-size: 18pt;\">Notas adicionales<\/span><\/strong><\/p>\n<p style=\"text-align: justify;\"><span style=\"font-size: 14pt;\">Ni esta web ni sus representantes legales se hacen responsables ni del contenido ni de la veracidad de las pol\u00edticas de privacidad que puedan tener los terceros mencionados en esta pol\u00edtica de cookies.<\/span><\/p>\n<p style=\"text-align: justify;\"><span style=\"font-size: 14pt;\">Los navegadores web son las herramientas encargadas de almacenar las cookies y desde este lugar debe efectuar su derecho a eliminaci\u00f3n o desactivaci\u00f3n de las mismas. Ni esta web ni sus representantes legales pueden garantizar la correcta o incorrecta manipulaci\u00f3n de las cookies por parte de los mencionados navegadores.<\/span><\/p>\n<p style=\"text-align: justify;\"><span style=\"font-size: 14pt;\">En algunos casos es necesario instalar cookies para que el navegador no olvide su decisi\u00f3n de no aceptaci\u00f3n de las mismas.<\/span><\/p>\n<p style=\"text-align: justify;\"><span style=\"font-size: 14pt;\">Esta Pol\u00edtica de Cookies puede ser modificada en funci\u00f3n de exigencias legislativas, reglamentarias, o con la finalidad de adaptar dicha pol\u00edtica a las instrucciones dictadas por la Agencia Espa\u00f1ola de Protecci\u00f3n de Datos, por ello se aconseja a los Usuarios que la visiten peri\u00f3dicamente.<\/span><\/p>\n<p>&nbsp;<\/p>\n","protected":false},"excerpt":{"rendered":"<p> &hellip;<\/p>\n","protected":false},"author":1,"featured_media":0,"parent":0,"menu_order":0,"comment_status":"closed","ping_status":"closed","template":"","meta":{"footnotes":"","_joinchat":[]},"yoast_head":"<!-- This site is optimized with the Yoast SEO plugin v22.1 - https:\/\/yoast.com\/wordpress\/plugins\/seo\/ -->\n<title>(Espa\u00f1ol) Pol\u00edtica de Cookies - Russian Toy Puppies<\/title>\n<meta name=\"robots\" content=\"index, follow, max-snippet:-1, max-image-preview:large, max-video-preview:-1\" \/>\n<link rel=\"canonical\" href=\"https:\/\/toy-russian.com\/politica-de-cookies\/\" \/>\n<meta property=\"og:locale\" content=\"en_US\" \/>\n<meta property=\"og:type\" content=\"article\" \/>\n<meta property=\"og:title\" content=\"(Espa\u00f1ol) Pol\u00edtica de Cookies - Russian Toy Puppies\" \/>\n<meta property=\"og:description\" content=\"&hellip;\" \/>\n<meta property=\"og:url\" content=\"https:\/\/toy-russian.com\/politica-de-cookies\/\" \/>\n<meta property=\"og:site_name\" content=\"Russian Toy Puppies\" \/>\n<meta property=\"article:modified_time\" content=\"2018-07-10T18:03:51+00:00\" \/>\n<meta name=\"twitter:card\" content=\"summary_large_image\" \/>\n<meta name=\"twitter:label1\" content=\"Est. reading time\" \/>\n\t<meta name=\"twitter:data1\" content=\"3 minutes\" \/>\n<script type=\"application\/ld+json\" class=\"yoast-schema-graph\">{\"@context\":\"https:\/\/schema.org\",\"@graph\":[{\"@type\":\"WebPage\",\"@id\":\"https:\/\/toy-russian.com\/politica-de-cookies\/\",\"url\":\"https:\/\/toy-russian.com\/politica-de-cookies\/\",\"name\":\"(Espa\u00f1ol) Pol\u00edtica de Cookies - Russian Toy Puppies\",\"isPartOf\":{\"@id\":\"https:\/\/toy-russian.com\/#website\"},\"datePublished\":\"2018-07-10T17:59:35+00:00\",\"dateModified\":\"2018-07-10T18:03:51+00:00\",\"breadcrumb\":{\"@id\":\"https:\/\/toy-russian.com\/politica-de-cookies\/#breadcrumb\"},\"inLanguage\":\"en-US\",\"potentialAction\":[{\"@type\":\"ReadAction\",\"target\":[\"https:\/\/toy-russian.com\/politica-de-cookies\/\"]}]},{\"@type\":\"BreadcrumbList\",\"@id\":\"https:\/\/toy-russian.com\/politica-de-cookies\/#breadcrumb\",\"itemListElement\":[{\"@type\":\"ListItem\",\"position\":1,\"name\":\"Portada\",\"item\":\"https:\/\/toy-russian.com\/\"},{\"@type\":\"ListItem\",\"position\":2,\"name\":\"Pol\u00edtica de Cookies\"}]},{\"@type\":\"WebSite\",\"@id\":\"https:\/\/toy-russian.com\/#website\",\"url\":\"https:\/\/toy-russian.com\/\",\"name\":\"Russian Toy Puppies\",\"description\":\"Our breeding is based on dogs from the best breeders of Russia and Belarus.\",\"publisher\":{\"@id\":\"https:\/\/toy-russian.com\/#\/schema\/person\/93d971c74259ab240563119e07728660\"},\"potentialAction\":[{\"@type\":\"SearchAction\",\"target\":{\"@type\":\"EntryPoint\",\"urlTemplate\":\"https:\/\/toy-russian.com\/?s={search_term_string}\"},\"query-input\":\"required name=search_term_string\"}],\"inLanguage\":\"en-US\"},{\"@type\":[\"Person\",\"Organization\"],\"@id\":\"https:\/\/toy-russian.com\/#\/schema\/person\/93d971c74259ab240563119e07728660\",\"name\":\"Iya Hvazdzenka Dyachenko\",\"image\":{\"@type\":\"ImageObject\",\"inLanguage\":\"en-US\",\"@id\":\"https:\/\/toy-russian.com\/#\/schema\/person\/image\/\",\"url\":\"https:\/\/toy-russian.com\/wp-content\/uploads\/2017\/09\/logotr-1.png\",\"contentUrl\":\"https:\/\/toy-russian.com\/wp-content\/uploads\/2017\/09\/logotr-1.png\",\"width\":300,\"height\":200,\"caption\":\"Iya Hvazdzenka Dyachenko\"},\"logo\":{\"@id\":\"https:\/\/toy-russian.com\/#\/schema\/person\/image\/\"}}]}<\/script>\n<!-- \/ Yoast SEO plugin. -->","yoast_head_json":{"title":"(Espa\u00f1ol) Pol\u00edtica de Cookies - Russian Toy Puppies","robots":{"index":"index","follow":"follow","max-snippet":"max-snippet:-1","max-image-preview":"max-image-preview:large","max-video-preview":"max-video-preview:-1"},"canonical":"https:\/\/toy-russian.com\/politica-de-cookies\/","og_locale":"en_US","og_type":"article","og_title":"(Espa\u00f1ol) Pol\u00edtica de Cookies - Russian Toy Puppies","og_description":"&hellip;","og_url":"https:\/\/toy-russian.com\/politica-de-cookies\/","og_site_name":"Russian Toy Puppies","article_modified_time":"2018-07-10T18:03:51+00:00","twitter_card":"summary_large_image","twitter_misc":{"Est. reading time":"3 minutes"},"schema":{"@context":"https:\/\/schema.org","@graph":[{"@type":"WebPage","@id":"https:\/\/toy-russian.com\/politica-de-cookies\/","url":"https:\/\/toy-russian.com\/politica-de-cookies\/","name":"(Espa\u00f1ol) Pol\u00edtica de Cookies - Russian Toy Puppies","isPartOf":{"@id":"https:\/\/toy-russian.com\/#website"},"datePublished":"2018-07-10T17:59:35+00:00","dateModified":"2018-07-10T18:03:51+00:00","breadcrumb":{"@id":"https:\/\/toy-russian.com\/politica-de-cookies\/#breadcrumb"},"inLanguage":"en-US","potentialAction":[{"@type":"ReadAction","target":["https:\/\/toy-russian.com\/politica-de-cookies\/"]}]},{"@type":"BreadcrumbList","@id":"https:\/\/toy-russian.com\/politica-de-cookies\/#breadcrumb","itemListElement":[{"@type":"ListItem","position":1,"name":"Portada","item":"https:\/\/toy-russian.com\/"},{"@type":"ListItem","position":2,"name":"Pol\u00edtica de Cookies"}]},{"@type":"WebSite","@id":"https:\/\/toy-russian.com\/#website","url":"https:\/\/toy-russian.com\/","name":"Russian Toy Puppies","description":"Our breeding is based on dogs from the best breeders of Russia and Belarus.","publisher":{"@id":"https:\/\/toy-russian.com\/#\/schema\/person\/93d971c74259ab240563119e07728660"},"potentialAction":[{"@type":"SearchAction","target":{"@type":"EntryPoint","urlTemplate":"https:\/\/toy-russian.com\/?s={search_term_string}"},"query-input":"required name=search_term_string"}],"inLanguage":"en-US"},{"@type":["Person","Organization"],"@id":"https:\/\/toy-russian.com\/#\/schema\/person\/93d971c74259ab240563119e07728660","name":"Iya Hvazdzenka Dyachenko","image":{"@type":"ImageObject","inLanguage":"en-US","@id":"https:\/\/toy-russian.com\/#\/schema\/person\/image\/","url":"https:\/\/toy-russian.com\/wp-content\/uploads\/2017\/09\/logotr-1.png","contentUrl":"https:\/\/toy-russian.com\/wp-content\/uploads\/2017\/09\/logotr-1.png","width":300,"height":200,"caption":"Iya Hvazdzenka Dyachenko"},"logo":{"@id":"https:\/\/toy-russian.com\/#\/schema\/person\/image\/"}}]}},"_links":{"self":[{"href":"https:\/\/toy-russian.com\/en\/wp-json\/wp\/v2\/pages\/2074"}],"collection":[{"href":"https:\/\/toy-russian.com\/en\/wp-json\/wp\/v2\/pages"}],"about":[{"href":"https:\/\/toy-russian.com\/en\/wp-json\/wp\/v2\/types\/page"}],"author":[{"embeddable":true,"href":"https:\/\/toy-russian.com\/en\/wp-json\/wp\/v2\/users\/1"}],"replies":[{"embeddable":true,"href":"https:\/\/toy-russian.com\/en\/wp-json\/wp\/v2\/comments?post=2074"}],"version-history":[{"count":3,"href":"https:\/\/toy-russian.com\/en\/wp-json\/wp\/v2\/pages\/2074\/revisions"}],"predecessor-version":[{"id":2078,"href":"https:\/\/toy-russian.com\/en\/wp-json\/wp\/v2\/pages\/2074\/revisions\/2078"}],"wp:attachment":[{"href":"https:\/\/toy-russian.com\/en\/wp-json\/wp\/v2\/media?parent=2074"}],"curies":[{"name":"wp","href":"https:\/\/api.w.org\/{rel}","templated":true}]}}