{"id":700,"date":"2017-10-20T22:42:19","date_gmt":"2017-10-20T22:42:19","guid":{"rendered":"http:\/\/toy-russian.com\/?page_id=700"},"modified":"2017-11-15T16:19:55","modified_gmt":"2017-11-15T16:19:55","slug":"aviso-legal","status":"publish","type":"page","link":"https:\/\/toy-russian.com\/en\/aviso-legal\/","title":{"rendered":"(Espa\u00f1ol) Aviso legal"},"content":{"rendered":"<p class=\"qtranxs-available-languages-message qtranxs-available-languages-message-en\">Sorry, this entry is only available in <a href=\"https:\/\/toy-russian.com\/es\/wp-json\/wp\/v2\/pages\/700\" class=\"qtranxs-available-language-link qtranxs-available-language-link-es\" title=\"Espa\u00f1ol\">European Spanish<\/a>. For the sake of viewer convenience, the content is shown below in the alternative language. You may click the link to switch the active language.<\/p>\n<p style=\"text-align: justify;\" align=\"LEFT\"><span lang=\"es-ES\">El titular de este sitio web, <a href=\"http:\/\/www.toy-russian.com\/\">www.toy-russian.com<\/a>, es <em>Iya Hvazdzenka Diachenko<\/em>. con DNI: 49653036S<\/span> <span lang=\"es-ES\">y domicilio en c\/ C\/ Roser 103, 43204 Reus &#8211; Tarragona<\/span><\/p>\n<p style=\"text-align: justify;\" align=\"LEFT\"><strong><span lang=\"es-ES\">Condiciones de uso de la p\u00e1gina web.<\/span><\/strong><span lang=\"es-ES\"><br \/>\nMediante la aceptaci\u00f3n de estas condiciones de uso, los usuarios se comprometen a utilizar esta p\u00e1gina web y los servicios ofrecidos, de forma l\u00edcita, de acuerdo con lo dispuesto en estas cl\u00e1usulas, y de forma que no produzcan un perjuicio en los derechos o intereses de personas terceras o que puedan da\u00f1ar o producir un uso anormal de la p\u00e1gina web o de los servicios que se presten.<br \/>\nEsta p\u00e1gina web y sus contenidos son propiedad de <em>Iya Hvazdzenka Diachenko<\/em>.<br \/>\n<\/span><\/p>\n<p lang=\"es-ES\" style=\"text-align: justify;\" align=\"LEFT\">Todos los derechos est\u00e1n reservados. Todo acceso a esta p\u00e1gina web est\u00e1 sujeta a las siguientes condiciones:<\/p>\n<p style=\"text-align: justify;\" align=\"LEFT\"><span lang=\"es-ES\">El acceso y el uso de la p\u00e1gina web son libres y gratuitos. La totalidad de la informaci\u00f3n facilitada por el usuario o usuaria a trav\u00e9s de esta p\u00e1gina web deber\u00e1 ser cierta, de modo que el usuario garantizar\u00e1 la autenticidad de los datos que haya comunicado a toy-russian.com mediante los formularios de esta p\u00e1gina web. En cualquier caso, el usuario o usuaria ser\u00e1 la \u00fanica persona responsable de la informaci\u00f3n inexacta o falsa que haya proporcionado, as\u00ed como del perjuicio que esta informaci\u00f3n provoque a toy-russian.com.<br \/>\nEl usuario o usuaria se compromete a no utilizar ninguno de los documentos, im\u00e1genes e informaciones contenidas en esta p\u00e1gina web con fines il\u00edcitos, expresamente prohibidas en estas condiciones de uso y\/o contrarias a los derechos e intereses de toy-russian.com.<br \/>\nQueda prohibida la modificaci\u00f3n y\/o explotaci\u00f3n de la p\u00e1gina y sus contenidos.<br \/>\nEl uso de esta p\u00e1gina web implica la aceptaci\u00f3n plena y sin reservas de los t\u00e9rminos y condiciones contenidos en el presente aviso legal.<\/span><\/p>\n<p style=\"text-align: justify;\" align=\"LEFT\"><strong><span lang=\"es-ES\">Exclusi\u00f3n de responsabilidad.<\/span><\/strong><span lang=\"es-ES\"><br \/>\ntoy-russian.com no se responsabiliza de los da\u00f1os y perjuicios que pueda provocar la falta de exactitud, autenticidad, exhaustividad y actualidad de la informaci\u00f3n contenida en esta p\u00e1gina web, ni de los da\u00f1os causados por cualquier error u omisi\u00f3n en que puedan incurrir tanto la informaci\u00f3n y manifestaciones publicadas en esta p\u00e1gina web como la informaci\u00f3n obtenida a trav\u00e9s de enlaces a sistemas externos a los que se pueda acceder.<br \/>\ntoy-russian.com no asume ning\u00fan deber o compromiso de verificar ni de vigilar los contenidos y \/ o informaci\u00f3n de las p\u00e1ginas web a las que se acceda mediante links o enlaces a sistemas y p\u00e1ginas externas.<br \/>\ntoy-russian.com no garantiza que la p\u00e1gina web y el servidor est\u00e9n libres de virus u otros elementos lesivos que pudieran da\u00f1ar o producir alteraciones en el sistema inform\u00e1tico, en los documentos electr\u00f3nicos o en los ficheros del usuario o usuaria enviados a terceros. Por ello, declina toda responsabilidad por los da\u00f1os inform\u00e1ticos o de otro tipo causados por el acceso a la web o por la imposibilidad de acceder.<\/span><\/p>\n<p style=\"text-align: justify;\" align=\"LEFT\"><strong><span lang=\"es-ES\">Cookies y Spam.<\/span><\/strong><span lang=\"es-ES\"><br \/>\nLa p\u00e1gina web puede utilizar cookies (peque\u00f1os archivos de informaci\u00f3n que el servidor env\u00eda al ordenador de quien accede a la p\u00e1gina) para llevar a cabo determinadas funciones que son consideradas imprescindibles para el correcto funcionamiento y visualizaci\u00f3n del sitio. Las cookies utilizadas en la p\u00e1gina web tienen, en todo caso, car\u00e1cter temporal con la \u00fanica finalidad de hacer m\u00e1s eficaz la transmisi\u00f3n ulterior y desaparecen al terminar la sesi\u00f3n del usuario.<br \/>\nLas cookies, en ning\u00fan caso, proporcionan por s\u00ed mismas datos de car\u00e1cter personal y no se utilizar\u00e1n para la recogida de los mismos.<br \/>\nMediante el uso de las cookies es posible que el servidor donde se encuentra la web, reconozca el navegador web utilizado por el usuario con la finalidad de que la navegaci\u00f3n sea m\u00e1s sencilla. Se utilizan tambi\u00e9n para medir la audiencia y par\u00e1metros del tr\u00e1fico, controlar el progreso y n\u00famero de entradas.<br \/>\nEstas cookies no son invasivas, ni nocivas, s\u00f3lo informan al sistema de la configuraci\u00f3n escogida por el usuario, pero no reconocen autom\u00e1ticamente ning\u00fan dato referente a la identidad de las personas que visitan nuestra web. Si el usuario lo desea, puede denegar toda cookie desde la opci\u00f3n adecuada de su propio navegador.<br \/>\nEl usuario tiene la posibilidad de configurar su navegador para ser alertado en pantalla de la recepci\u00f3n de cookies y para impedir su instalaci\u00f3n en el disco duro.<br \/>\nNo se utilizan t\u00e9cnicas de spamming y \u00fanicamente tratar\u00e1 los datos que el usuario transmita conforme lo dispuesto en el presente aviso legal.<\/span><\/p>\n<p style=\"text-align: justify;\" align=\"LEFT\"><strong><span lang=\"es-ES\">Pol\u00edtica de privacidad Confidencialidad y privacidad de los datos.<\/span><\/strong><span lang=\"es-ES\"><br \/>\ntoy-russian.com informa que todos los datos facilitados a trav\u00e9s de los formularios electr\u00f3nicos de esta p\u00e1gina web y\/o mediante correo electr\u00f3nico ser\u00e1n tratados con estricta confidencialidad, de acuerdo con la Ley Org\u00e1nica 15\/1999, de 13 de diciembre, de Protecci\u00f3n de Datos de Car\u00e1cter Personal (LOPD). La finalidad del tratamiento de estos datos es poder prestar los servicios solicitados y mantener a las personas usuarias informadas sobre cuestiones relativas a sus actividades. El uso de los formularios mencionados, as\u00ed como el env\u00edo de un correo electr\u00f3nico, supone el consentimiento del remitente al tratamiento automatizado de los datos que se incluyen.<br \/>\ntoy-russian.com se compromete a hacer un uso responsable y confidencial de los datos, garantiza que se tratar\u00e1n de acuerdo con la legislaci\u00f3n vigente en cada momento y que tan s\u00f3lo se utilizar\u00e1n con el prop\u00f3sito indicado en cada caso. <\/span><\/p>\n<p style=\"text-align: justify;\" align=\"LEFT\">\n","protected":false},"excerpt":{"rendered":"<p> &hellip;<\/p>\n","protected":false},"author":1,"featured_media":0,"parent":0,"menu_order":0,"comment_status":"closed","ping_status":"closed","template":"","meta":{"footnotes":"","_joinchat":[]},"yoast_head":"<!-- This site is optimized with the Yoast SEO plugin v22.1 - https:\/\/yoast.com\/wordpress\/plugins\/seo\/ -->\n<title>(Espa\u00f1ol) Aviso legal - Russian Toy Puppies<\/title>\n<meta name=\"robots\" content=\"index, follow, max-snippet:-1, max-image-preview:large, max-video-preview:-1\" \/>\n<link rel=\"canonical\" href=\"https:\/\/toy-russian.com\/aviso-legal\/\" \/>\n<meta property=\"og:locale\" content=\"en_US\" \/>\n<meta property=\"og:type\" content=\"article\" \/>\n<meta property=\"og:title\" content=\"(Espa\u00f1ol) Aviso legal - Russian Toy Puppies\" \/>\n<meta property=\"og:description\" content=\"&hellip;\" \/>\n<meta property=\"og:url\" content=\"https:\/\/toy-russian.com\/aviso-legal\/\" \/>\n<meta property=\"og:site_name\" content=\"Russian Toy Puppies\" \/>\n<meta property=\"article:modified_time\" content=\"2017-11-15T16:19:55+00:00\" \/>\n<meta name=\"twitter:card\" content=\"summary_large_image\" \/>\n<meta name=\"twitter:label1\" content=\"Est. reading time\" \/>\n\t<meta name=\"twitter:data1\" content=\"5 minutes\" \/>\n<script type=\"application\/ld+json\" class=\"yoast-schema-graph\">{\"@context\":\"https:\/\/schema.org\",\"@graph\":[{\"@type\":\"WebPage\",\"@id\":\"https:\/\/toy-russian.com\/aviso-legal\/\",\"url\":\"https:\/\/toy-russian.com\/aviso-legal\/\",\"name\":\"(Espa\u00f1ol) Aviso legal - Russian Toy Puppies\",\"isPartOf\":{\"@id\":\"https:\/\/toy-russian.com\/#website\"},\"datePublished\":\"2017-10-20T22:42:19+00:00\",\"dateModified\":\"2017-11-15T16:19:55+00:00\",\"breadcrumb\":{\"@id\":\"https:\/\/toy-russian.com\/aviso-legal\/#breadcrumb\"},\"inLanguage\":\"en-US\",\"potentialAction\":[{\"@type\":\"ReadAction\",\"target\":[\"https:\/\/toy-russian.com\/aviso-legal\/\"]}]},{\"@type\":\"BreadcrumbList\",\"@id\":\"https:\/\/toy-russian.com\/aviso-legal\/#breadcrumb\",\"itemListElement\":[{\"@type\":\"ListItem\",\"position\":1,\"name\":\"Portada\",\"item\":\"https:\/\/toy-russian.com\/\"},{\"@type\":\"ListItem\",\"position\":2,\"name\":\"Aviso legal\"}]},{\"@type\":\"WebSite\",\"@id\":\"https:\/\/toy-russian.com\/#website\",\"url\":\"https:\/\/toy-russian.com\/\",\"name\":\"Russian Toy Puppies\",\"description\":\"Our breeding is based on dogs from the best breeders of Russia and Belarus.\",\"publisher\":{\"@id\":\"https:\/\/toy-russian.com\/#\/schema\/person\/93d971c74259ab240563119e07728660\"},\"potentialAction\":[{\"@type\":\"SearchAction\",\"target\":{\"@type\":\"EntryPoint\",\"urlTemplate\":\"https:\/\/toy-russian.com\/?s={search_term_string}\"},\"query-input\":\"required name=search_term_string\"}],\"inLanguage\":\"en-US\"},{\"@type\":[\"Person\",\"Organization\"],\"@id\":\"https:\/\/toy-russian.com\/#\/schema\/person\/93d971c74259ab240563119e07728660\",\"name\":\"Iya Hvazdzenka Dyachenko\",\"image\":{\"@type\":\"ImageObject\",\"inLanguage\":\"en-US\",\"@id\":\"https:\/\/toy-russian.com\/#\/schema\/person\/image\/\",\"url\":\"https:\/\/toy-russian.com\/wp-content\/uploads\/2017\/09\/logotr-1.png\",\"contentUrl\":\"https:\/\/toy-russian.com\/wp-content\/uploads\/2017\/09\/logotr-1.png\",\"width\":300,\"height\":200,\"caption\":\"Iya Hvazdzenka Dyachenko\"},\"logo\":{\"@id\":\"https:\/\/toy-russian.com\/#\/schema\/person\/image\/\"}}]}<\/script>\n<!-- \/ Yoast SEO plugin. -->","yoast_head_json":{"title":"(Espa\u00f1ol) Aviso legal - Russian Toy Puppies","robots":{"index":"index","follow":"follow","max-snippet":"max-snippet:-1","max-image-preview":"max-image-preview:large","max-video-preview":"max-video-preview:-1"},"canonical":"https:\/\/toy-russian.com\/aviso-legal\/","og_locale":"en_US","og_type":"article","og_title":"(Espa\u00f1ol) Aviso legal - Russian Toy Puppies","og_description":"&hellip;","og_url":"https:\/\/toy-russian.com\/aviso-legal\/","og_site_name":"Russian Toy Puppies","article_modified_time":"2017-11-15T16:19:55+00:00","twitter_card":"summary_large_image","twitter_misc":{"Est. reading time":"5 minutes"},"schema":{"@context":"https:\/\/schema.org","@graph":[{"@type":"WebPage","@id":"https:\/\/toy-russian.com\/aviso-legal\/","url":"https:\/\/toy-russian.com\/aviso-legal\/","name":"(Espa\u00f1ol) Aviso legal - Russian Toy Puppies","isPartOf":{"@id":"https:\/\/toy-russian.com\/#website"},"datePublished":"2017-10-20T22:42:19+00:00","dateModified":"2017-11-15T16:19:55+00:00","breadcrumb":{"@id":"https:\/\/toy-russian.com\/aviso-legal\/#breadcrumb"},"inLanguage":"en-US","potentialAction":[{"@type":"ReadAction","target":["https:\/\/toy-russian.com\/aviso-legal\/"]}]},{"@type":"BreadcrumbList","@id":"https:\/\/toy-russian.com\/aviso-legal\/#breadcrumb","itemListElement":[{"@type":"ListItem","position":1,"name":"Portada","item":"https:\/\/toy-russian.com\/"},{"@type":"ListItem","position":2,"name":"Aviso legal"}]},{"@type":"WebSite","@id":"https:\/\/toy-russian.com\/#website","url":"https:\/\/toy-russian.com\/","name":"Russian Toy Puppies","description":"Our breeding is based on dogs from the best breeders of Russia and Belarus.","publisher":{"@id":"https:\/\/toy-russian.com\/#\/schema\/person\/93d971c74259ab240563119e07728660"},"potentialAction":[{"@type":"SearchAction","target":{"@type":"EntryPoint","urlTemplate":"https:\/\/toy-russian.com\/?s={search_term_string}"},"query-input":"required name=search_term_string"}],"inLanguage":"en-US"},{"@type":["Person","Organization"],"@id":"https:\/\/toy-russian.com\/#\/schema\/person\/93d971c74259ab240563119e07728660","name":"Iya Hvazdzenka Dyachenko","image":{"@type":"ImageObject","inLanguage":"en-US","@id":"https:\/\/toy-russian.com\/#\/schema\/person\/image\/","url":"https:\/\/toy-russian.com\/wp-content\/uploads\/2017\/09\/logotr-1.png","contentUrl":"https:\/\/toy-russian.com\/wp-content\/uploads\/2017\/09\/logotr-1.png","width":300,"height":200,"caption":"Iya Hvazdzenka Dyachenko"},"logo":{"@id":"https:\/\/toy-russian.com\/#\/schema\/person\/image\/"}}]}},"_links":{"self":[{"href":"https:\/\/toy-russian.com\/en\/wp-json\/wp\/v2\/pages\/700"}],"collection":[{"href":"https:\/\/toy-russian.com\/en\/wp-json\/wp\/v2\/pages"}],"about":[{"href":"https:\/\/toy-russian.com\/en\/wp-json\/wp\/v2\/types\/page"}],"author":[{"embeddable":true,"href":"https:\/\/toy-russian.com\/en\/wp-json\/wp\/v2\/users\/1"}],"replies":[{"embeddable":true,"href":"https:\/\/toy-russian.com\/en\/wp-json\/wp\/v2\/comments?post=700"}],"version-history":[{"count":5,"href":"https:\/\/toy-russian.com\/en\/wp-json\/wp\/v2\/pages\/700\/revisions"}],"predecessor-version":[{"id":1286,"href":"https:\/\/toy-russian.com\/en\/wp-json\/wp\/v2\/pages\/700\/revisions\/1286"}],"wp:attachment":[{"href":"https:\/\/toy-russian.com\/en\/wp-json\/wp\/v2\/media?parent=700"}],"curies":[{"name":"wp","href":"https:\/\/api.w.org\/{rel}","templated":true}]}}